{"id":83191,"date":"2020-05-04T19:33:48","date_gmt":"2020-05-04T19:33:48","guid":{"rendered":"https:\/\/www.juergengawron.de\/?page_id=83191"},"modified":"2020-07-24T05:58:42","modified_gmt":"2020-07-24T05:58:42","slug":"portfolio-layout","status":"publish","type":"page","link":"https:\/\/www.juergengawron.de\/?page_id=83191","title":{"rendered":"Portfolio Layout"},"content":{"rendered":"<div class=\"wpb-content-wrapper\"><p>[vc_row row_height_percent=&#8220;0&#8243; back_color=&#8220;color-135981&#8243; overlay_alpha=&#8220;50&#8243; gutter_size=&#8220;3&#8243; column_width_percent=&#8220;100&#8243; shift_y=&#8220;0&#8243; z_index=&#8220;0&#8243;][vc_column width=&#8220;1\/6&#8243;][\/vc_column][vc_column column_width_percent=&#8220;100&#8243; gutter_size=&#8220;3&#8243; overlay_alpha=&#8220;50&#8243; shift_x=&#8220;0&#8243; shift_y=&#8220;0&#8243; shift_y_down=&#8220;0&#8243; z_index=&#8220;0&#8243; medium_width=&#8220;0&#8243; mobile_width=&#8220;0&#8243; width=&#8220;2\/3&#8243;][vc_empty_space empty_h=&#8220;1&#8243;][vc_custom_heading heading_semantic=&#8220;h1&#8243; text_size=&#8220;h1&#8243; text_italic=&#8220;yes&#8220; subheading=&#8220;Illustrationen f\u00fcr Agenturen, Film und Fernsehproduktionen und alle, die Szenen, Abl\u00e4ufe oder Produkte zeigen m\u00f6chten, die es noch nicht gibt. Vom lockeren Scribble bis zum technisch exakten Rendering.&#8220;]Layout[\/vc_custom_heading][\/vc_column][vc_column width=&#8220;1\/6&#8243;][\/vc_column][\/vc_row][vc_row unlock_row_content=&#8220;yes&#8220; row_height_percent=&#8220;0&#8243; back_color=&#8220;color-135981&#8243; overlay_alpha=&#8220;100&#8243; gutter_size=&#8220;100&#8243; column_width_percent=&#8220;100&#8243; shift_y=&#8220;0&#8243; z_index=&#8220;0&#8243; style=&#8220;inherited&#8220;][vc_column column_width_percent=&#8220;100&#8243; position_horizontal=&#8220;left&#8220; position_vertical=&#8220;bottom&#8220; gutter_size=&#8220;3&#8243; style=&#8220;light&#8220; overlay_alpha=&#8220;50&#8243; shift_x=&#8220;0&#8243; shift_y=&#8220;0&#8243; shift_y_down=&#8220;0&#8243; z_index=&#8220;0&#8243; medium_width=&#8220;0&#8243; mobile_width=&#8220;0&#8243; zoom_width=&#8220;0&#8243; zoom_height=&#8220;0&#8243; width=&#8220;1\/1&#8243;][vc_separator sep_color=&#8220;accent&#8220;][vc_gallery el_id=&#8220;gallery-43823678&#8243; medias=&#8220;83225,83226,83227,76450,82939,82937,82938,76480,76463,76464,76465,76467,76468,76470,76471,76431,76430,76486,76489,76488,76487,83238,76452,76451,76432,76433,76460,76461,76425,76427,83237,76484,76482,76485,76478,76437,76438,76449&#8243; explode_albums=&#8220;yes&#8220; filtering=&#8220;yes&#8220; filter_back_color=&#8220;color-135981&#8243; filtering_full_width=&#8220;yes&#8220; filtering_position=&#8220;center&#8220; filter_mobile=&#8220;yes&#8220; filter_sticky=&#8220;yes&#8220; gutter_size=&#8220;2&#8243; media_items=&#8220;media|lightbox|original,icon|lg&#8220; screen_lg=&#8220;800&#8243; screen_md=&#8220;760&#8243; screen_sm=&#8220;100&#8243; single_overlay_color=&#8220;accent&#8220; single_overlay_opacity=&#8220;40&#8243; single_h_align=&#8220;center&#8220; single_padding=&#8220;2&#8243; single_icon=&#8220;fa fa-plus2&#8243; single_border=&#8220;yes&#8220; single_css_animation=&#8220;zoom-in&#8220; lbox_skin=&#8220;white&#8220; lbox_title=&#8220;yes&#8220; lbox_caption=&#8220;yes&#8220; lbox_deep=&#8220;yes&#8220; lbox_no_tmb=&#8220;yes&#8220; carousel_rtl=&#8220;&#8220; single_title_uppercase=&#8220;&#8220; single_title_serif=&#8220;&#8220; single_no_background=&#8220;&#8220; filter_all_text=&#8220;Alle&#8220;][vc_separator sep_color=&#8220;accent&#8220;][\/vc_column][\/vc_row][vc_row row_height_percent=&#8220;0&#8243; back_color=&#8220;color-135981&#8243; overlay_alpha=&#8220;50&#8243; gutter_size=&#8220;3&#8243; column_width_percent=&#8220;100&#8243; shift_y=&#8220;0&#8243; z_index=&#8220;0&#8243;][vc_column width=&#8220;1\/6&#8243;][\/vc_column][vc_column width=&#8220;2\/3&#8243;][vc_empty_space empty_h=&#8220;2&#8243;][vc_column_text]Die hier gezeigten Illustrationen sind ein Ausschnitt einiger meiner Auftragsarbeiten aus den letzten Jahren. In meinem B\u00fcro in M\u00fcnchen illustriere ich seit 2003 in einer gro\u00dfen stilistischen Bandbreite f\u00fcr Auftraggeber aus unterschiedlichsten Branchen. Dabei lege ich gro\u00dfen Wert auf die zum Projekt passende Vermittlung Ihrer Inhalte. Sollten Sie Illustrationen ben\u00f6tigen oder ganz allgemein Fragen zu Aufwand, Ablauf oder Kosten haben, freue ich mich \u00fcber Ihren <a href=\"https:\/\/www.juergengawron.de\/?page_id=4012\">Anruf<\/a> oder Ihre <a href=\"https:\/\/www.juergengawron.de\/?page_id=4012\">Nachricht<\/a>.<\/p>\n<hr \/>\n<p>Alle hier gezeigten Werke unterliegen dem Urheberrecht. Sie d\u00fcrfen ohne meine Zustimmung nicht f\u00fcr kommerzielle, private oder anderweitige Zwecke kopiert, ver\u00f6ffentlicht oder in sonstiger Form genutzt werden. Sollten Sie eines der Werke verwenden wollen, <a href=\"https:\/\/www.juergengawron.de\/?page_id=4012\">melden<\/a> Sie sich bei mir. Gerne erstelle ich Ihnen ein entsprechendes Angebot.<\/p>\n<hr \/>\n<p>All works shown here are subject to German copyright. Without my consent, they may not be copied, published or used in anyway, neither for commercial, private or other purposes. If you want to acquire one of these works, please <a href=\"https:\/\/www.juergengawron.de\/?page_id=4012\">contact<\/a> me. I would be happy to make you an appropriate offer.[\/vc_column_text][vc_empty_space empty_h=&#8220;3&#8243;][\/vc_column][vc_column width=&#8220;1\/6&#8243;][\/vc_column][\/vc_row]<\/p>\n<\/div>","protected":false},"excerpt":{"rendered":"<p>[vc_row row_height_percent=&#8220;0&#8243; back_color=&#8220;color-135981&#8243; overlay_alpha=&#8220;50&#8243; gutter_size=&#8220;3&#8243; column_width_percent=&#8220;100&#8243; shift_y=&#8220;0&#8243; z_index=&#8220;0&#8243;][vc_column width=&#8220;1\/6&#8243;][\/vc_column][vc_column column_width_percent=&#8220;100&#8243; gutter_size=&#8220;3&#8243; overlay_alpha=&#8220;50&#8243; shift_x=&#8220;0&#8243; shift_y=&#8220;0&#8243; shift_y_down=&#8220;0&#8243; z_index=&#8220;0&#8243; medium_width=&#8220;0&#8243; mobile_width=&#8220;0&#8243; width=&#8220;2\/3&#8243;][vc_empty_space empty_h=&#8220;1&#8243;][vc_custom_heading [&hellip;]<\/p>\n","protected":false},"author":1,"featured_media":0,"parent":0,"menu_order":0,"comment_status":"closed","ping_status":"closed","template":"","meta":{"footnotes":""},"class_list":["post-83191","page","type-page","status-publish","hentry","page_category-portfolio"],"yoast_head":"<!-- This site is optimized with the Yoast SEO plugin v23.4 - https:\/\/yoast.com\/wordpress\/plugins\/seo\/ -->\n<title>J\u00fcrgen Gawron - Illustrationen aus M\u00fcnchen: Portfolio &amp; Arbeitsbeispiele<\/title>\n<meta name=\"description\" content=\"J\u00fcrgen Gawron aus M\u00fcnchen illustriert Layouts, Scribbles, Buchcover, Apps Visualisierungen und vieles mehr. Seine Illustrationen k\u00f6nnen Sie hier sehen.\" \/>\n<meta name=\"robots\" content=\"index, follow, max-snippet:-1, max-image-preview:large, max-video-preview:-1\" \/>\n<link rel=\"canonical\" href=\"https:\/\/www.juergengawron.de\/?page_id=83191\" \/>\n<meta property=\"og:locale\" content=\"de_DE\" \/>\n<meta property=\"og:type\" content=\"article\" \/>\n<meta property=\"og:title\" content=\"J\u00fcrgen Gawron - Illustrationen aus M\u00fcnchen: Portfolio &amp; Arbeitsbeispiele\" \/>\n<meta property=\"og:description\" content=\"J\u00fcrgen Gawron aus M\u00fcnchen illustriert Layouts, Scribbles, Buchcover, Apps Visualisierungen und vieles mehr. Seine Illustrationen k\u00f6nnen Sie hier sehen.\" \/>\n<meta property=\"og:url\" content=\"https:\/\/www.juergengawron.de\/?page_id=83191\" \/>\n<meta property=\"og:site_name\" content=\"JuergenGawron.de\" \/>\n<meta property=\"article:modified_time\" content=\"2020-07-24T05:58:42+00:00\" \/>\n<meta name=\"twitter:card\" content=\"summary_large_image\" \/>\n<meta name=\"twitter:label1\" content=\"Est. reading time\" \/>\n\t<meta name=\"twitter:data1\" content=\"3\u00a0Minuten\" \/>\n<script type=\"application\/ld+json\" class=\"yoast-schema-graph\">{\"@context\":\"https:\/\/schema.org\",\"@graph\":[{\"@type\":\"WebPage\",\"@id\":\"https:\/\/www.juergengawron.de\/?page_id=83191\",\"url\":\"https:\/\/www.juergengawron.de\/?page_id=83191\",\"name\":\"J\u00fcrgen Gawron - Illustrationen aus M\u00fcnchen: Portfolio & Arbeitsbeispiele\",\"isPartOf\":{\"@id\":\"https:\/\/www.juergengawron.de\/#website\"},\"datePublished\":\"2020-05-04T19:33:48+00:00\",\"dateModified\":\"2020-07-24T05:58:42+00:00\",\"description\":\"J\u00fcrgen Gawron aus M\u00fcnchen illustriert Layouts, Scribbles, Buchcover, Apps Visualisierungen und vieles mehr. Seine Illustrationen k\u00f6nnen Sie hier sehen.\",\"breadcrumb\":{\"@id\":\"https:\/\/www.juergengawron.de\/?page_id=83191#breadcrumb\"},\"inLanguage\":\"de\",\"potentialAction\":[{\"@type\":\"ReadAction\",\"target\":[\"https:\/\/www.juergengawron.de\/?page_id=83191\"]}]},{\"@type\":\"BreadcrumbList\",\"@id\":\"https:\/\/www.juergengawron.de\/?page_id=83191#breadcrumb\",\"itemListElement\":[{\"@type\":\"ListItem\",\"position\":1,\"name\":\"Home\",\"item\":\"https:\/\/www.juergengawron.de\/\"},{\"@type\":\"ListItem\",\"position\":2,\"name\":\"Portfolio Layout\"}]},{\"@type\":\"WebSite\",\"@id\":\"https:\/\/www.juergengawron.de\/#website\",\"url\":\"https:\/\/www.juergengawron.de\/\",\"name\":\"JuergenGawron.de\",\"description\":\"J\u00fcrgen Gawron aus M\u00fcnchen illustriert Layouts, Scribbles, Buchcover, Apps Visualisierungen und vieles mehr.\",\"potentialAction\":[{\"@type\":\"SearchAction\",\"target\":{\"@type\":\"EntryPoint\",\"urlTemplate\":\"https:\/\/www.juergengawron.de\/?s={search_term_string}\"},\"query-input\":{\"@type\":\"PropertyValueSpecification\",\"valueRequired\":true,\"valueName\":\"search_term_string\"}}],\"inLanguage\":\"de\"}]}<\/script>\n<!-- \/ Yoast SEO plugin. -->","yoast_head_json":{"title":"J\u00fcrgen Gawron - Illustrationen aus M\u00fcnchen: Portfolio & Arbeitsbeispiele","description":"J\u00fcrgen Gawron aus M\u00fcnchen illustriert Layouts, Scribbles, Buchcover, Apps Visualisierungen und vieles mehr. Seine Illustrationen k\u00f6nnen Sie hier sehen.","robots":{"index":"index","follow":"follow","max-snippet":"max-snippet:-1","max-image-preview":"max-image-preview:large","max-video-preview":"max-video-preview:-1"},"canonical":"https:\/\/www.juergengawron.de\/?page_id=83191","og_locale":"de_DE","og_type":"article","og_title":"J\u00fcrgen Gawron - Illustrationen aus M\u00fcnchen: Portfolio & Arbeitsbeispiele","og_description":"J\u00fcrgen Gawron aus M\u00fcnchen illustriert Layouts, Scribbles, Buchcover, Apps Visualisierungen und vieles mehr. Seine Illustrationen k\u00f6nnen Sie hier sehen.","og_url":"https:\/\/www.juergengawron.de\/?page_id=83191","og_site_name":"JuergenGawron.de","article_modified_time":"2020-07-24T05:58:42+00:00","twitter_card":"summary_large_image","twitter_misc":{"Est. reading time":"3\u00a0Minuten"},"schema":{"@context":"https:\/\/schema.org","@graph":[{"@type":"WebPage","@id":"https:\/\/www.juergengawron.de\/?page_id=83191","url":"https:\/\/www.juergengawron.de\/?page_id=83191","name":"J\u00fcrgen Gawron - Illustrationen aus M\u00fcnchen: Portfolio & Arbeitsbeispiele","isPartOf":{"@id":"https:\/\/www.juergengawron.de\/#website"},"datePublished":"2020-05-04T19:33:48+00:00","dateModified":"2020-07-24T05:58:42+00:00","description":"J\u00fcrgen Gawron aus M\u00fcnchen illustriert Layouts, Scribbles, Buchcover, Apps Visualisierungen und vieles mehr. Seine Illustrationen k\u00f6nnen Sie hier sehen.","breadcrumb":{"@id":"https:\/\/www.juergengawron.de\/?page_id=83191#breadcrumb"},"inLanguage":"de","potentialAction":[{"@type":"ReadAction","target":["https:\/\/www.juergengawron.de\/?page_id=83191"]}]},{"@type":"BreadcrumbList","@id":"https:\/\/www.juergengawron.de\/?page_id=83191#breadcrumb","itemListElement":[{"@type":"ListItem","position":1,"name":"Home","item":"https:\/\/www.juergengawron.de\/"},{"@type":"ListItem","position":2,"name":"Portfolio Layout"}]},{"@type":"WebSite","@id":"https:\/\/www.juergengawron.de\/#website","url":"https:\/\/www.juergengawron.de\/","name":"JuergenGawron.de","description":"J\u00fcrgen Gawron aus M\u00fcnchen illustriert Layouts, Scribbles, Buchcover, Apps Visualisierungen und vieles mehr.","potentialAction":[{"@type":"SearchAction","target":{"@type":"EntryPoint","urlTemplate":"https:\/\/www.juergengawron.de\/?s={search_term_string}"},"query-input":{"@type":"PropertyValueSpecification","valueRequired":true,"valueName":"search_term_string"}}],"inLanguage":"de"}]}},"_links":{"self":[{"href":"https:\/\/www.juergengawron.de\/index.php?rest_route=\/wp\/v2\/pages\/83191"}],"collection":[{"href":"https:\/\/www.juergengawron.de\/index.php?rest_route=\/wp\/v2\/pages"}],"about":[{"href":"https:\/\/www.juergengawron.de\/index.php?rest_route=\/wp\/v2\/types\/page"}],"author":[{"embeddable":true,"href":"https:\/\/www.juergengawron.de\/index.php?rest_route=\/wp\/v2\/users\/1"}],"replies":[{"embeddable":true,"href":"https:\/\/www.juergengawron.de\/index.php?rest_route=%2Fwp%2Fv2%2Fcomments&post=83191"}],"version-history":[{"count":6,"href":"https:\/\/www.juergengawron.de\/index.php?rest_route=\/wp\/v2\/pages\/83191\/revisions"}],"predecessor-version":[{"id":83344,"href":"https:\/\/www.juergengawron.de\/index.php?rest_route=\/wp\/v2\/pages\/83191\/revisions\/83344"}],"wp:attachment":[{"href":"https:\/\/www.juergengawron.de\/index.php?rest_route=%2Fwp%2Fv2%2Fmedia&parent=83191"}],"curies":[{"name":"wp","href":"https:\/\/api.w.org\/{rel}","templated":true}]}}