{"id":83093,"date":"2020-04-29T13:26:41","date_gmt":"2020-04-29T13:26:41","guid":{"rendered":"https:\/\/www.juergengawron.de\/?page_id=83093"},"modified":"2020-10-08T08:01:52","modified_gmt":"2020-10-08T08:01:52","slug":"homepage3portfolioversuch","status":"publish","type":"page","link":"https:\/\/www.juergengawron.de\/","title":{"rendered":"Homepage Layout, Buchtitel, Illustration"},"content":{"rendered":"","protected":false},"excerpt":{"rendered":"","protected":false},"author":1,"featured_media":0,"parent":0,"menu_order":0,"comment_status":"closed","ping_status":"closed","template":"","meta":{"footnotes":""},"class_list":["post-83093","page","type-page","status-publish","hentry"],"yoast_head":"<!-- This site is optimized with the Yoast SEO plugin v23.4 - https:\/\/yoast.com\/wordpress\/plugins\/seo\/ -->\n<title>J\u00fcrgen Gawron - Sch\u00f6ne Illustrationen, Buchtitel und Layouts.<\/title>\n<meta name=\"description\" content=\"J\u00fcrgen Gawron aus M\u00fcnchen illustriert Buchtitel, visualisiert Ihre Ideen in Layouts f\u00fcr Pr\u00e4sentationen oder gestaltet Ihre App.\" \/>\n<meta name=\"robots\" content=\"index, follow, max-snippet:-1, max-image-preview:large, max-video-preview:-1\" \/>\n<link rel=\"canonical\" href=\"https:\/\/www.juergengawron.de\/\" \/>\n<meta property=\"og:locale\" content=\"de_DE\" \/>\n<meta property=\"og:type\" content=\"article\" \/>\n<meta property=\"og:title\" content=\"J\u00fcrgen Gawron - Sch\u00f6ne Illustrationen, Buchtitel und Layouts.\" \/>\n<meta property=\"og:description\" content=\"J\u00fcrgen Gawron aus M\u00fcnchen illustriert Buchtitel, visualisiert Ihre Ideen in Layouts f\u00fcr Pr\u00e4sentationen oder gestaltet Ihre App.\" \/>\n<meta property=\"og:url\" content=\"https:\/\/www.juergengawron.de\/\" \/>\n<meta property=\"og:site_name\" content=\"JuergenGawron.de\" \/>\n<meta property=\"article:modified_time\" content=\"2020-10-08T08:01:52+00:00\" \/>\n<meta name=\"twitter:card\" content=\"summary_large_image\" \/>\n<script type=\"application\/ld+json\" class=\"yoast-schema-graph\">{\"@context\":\"https:\/\/schema.org\",\"@graph\":[{\"@type\":\"WebPage\",\"@id\":\"https:\/\/www.juergengawron.de\/\",\"url\":\"https:\/\/www.juergengawron.de\/\",\"name\":\"J\u00fcrgen Gawron - Sch\u00f6ne Illustrationen, Buchtitel und Layouts.\",\"isPartOf\":{\"@id\":\"https:\/\/www.juergengawron.de\/#website\"},\"datePublished\":\"2020-04-29T13:26:41+00:00\",\"dateModified\":\"2020-10-08T08:01:52+00:00\",\"description\":\"J\u00fcrgen Gawron aus M\u00fcnchen illustriert Buchtitel, visualisiert Ihre Ideen in Layouts f\u00fcr Pr\u00e4sentationen oder gestaltet Ihre App.\",\"breadcrumb\":{\"@id\":\"https:\/\/www.juergengawron.de\/#breadcrumb\"},\"inLanguage\":\"de\",\"potentialAction\":[{\"@type\":\"ReadAction\",\"target\":[\"https:\/\/www.juergengawron.de\/\"]}]},{\"@type\":\"BreadcrumbList\",\"@id\":\"https:\/\/www.juergengawron.de\/#breadcrumb\",\"itemListElement\":[{\"@type\":\"ListItem\",\"position\":1,\"name\":\"Home\",\"item\":\"https:\/\/www.juergengawron.de\/\"},{\"@type\":\"ListItem\",\"position\":2,\"name\":\"Homepage Layout, Buchtitel, Illustration\"}]},{\"@type\":\"WebSite\",\"@id\":\"https:\/\/www.juergengawron.de\/#website\",\"url\":\"https:\/\/www.juergengawron.de\/\",\"name\":\"JuergenGawron.de\",\"description\":\"J\u00fcrgen Gawron aus M\u00fcnchen illustriert Layouts, Scribbles, Buchcover, Apps Visualisierungen und vieles mehr.\",\"potentialAction\":[{\"@type\":\"SearchAction\",\"target\":{\"@type\":\"EntryPoint\",\"urlTemplate\":\"https:\/\/www.juergengawron.de\/?s={search_term_string}\"},\"query-input\":{\"@type\":\"PropertyValueSpecification\",\"valueRequired\":true,\"valueName\":\"search_term_string\"}}],\"inLanguage\":\"de\"}]}<\/script>\n<!-- \/ Yoast SEO plugin. -->","yoast_head_json":{"title":"J\u00fcrgen Gawron - Sch\u00f6ne Illustrationen, Buchtitel und Layouts.","description":"J\u00fcrgen Gawron aus M\u00fcnchen illustriert Buchtitel, visualisiert Ihre Ideen in Layouts f\u00fcr Pr\u00e4sentationen oder gestaltet Ihre App.","robots":{"index":"index","follow":"follow","max-snippet":"max-snippet:-1","max-image-preview":"max-image-preview:large","max-video-preview":"max-video-preview:-1"},"canonical":"https:\/\/www.juergengawron.de\/","og_locale":"de_DE","og_type":"article","og_title":"J\u00fcrgen Gawron - Sch\u00f6ne Illustrationen, Buchtitel und Layouts.","og_description":"J\u00fcrgen Gawron aus M\u00fcnchen illustriert Buchtitel, visualisiert Ihre Ideen in Layouts f\u00fcr Pr\u00e4sentationen oder gestaltet Ihre App.","og_url":"https:\/\/www.juergengawron.de\/","og_site_name":"JuergenGawron.de","article_modified_time":"2020-10-08T08:01:52+00:00","twitter_card":"summary_large_image","schema":{"@context":"https:\/\/schema.org","@graph":[{"@type":"WebPage","@id":"https:\/\/www.juergengawron.de\/","url":"https:\/\/www.juergengawron.de\/","name":"J\u00fcrgen Gawron - Sch\u00f6ne Illustrationen, Buchtitel und Layouts.","isPartOf":{"@id":"https:\/\/www.juergengawron.de\/#website"},"datePublished":"2020-04-29T13:26:41+00:00","dateModified":"2020-10-08T08:01:52+00:00","description":"J\u00fcrgen Gawron aus M\u00fcnchen illustriert Buchtitel, visualisiert Ihre Ideen in Layouts f\u00fcr Pr\u00e4sentationen oder gestaltet Ihre App.","breadcrumb":{"@id":"https:\/\/www.juergengawron.de\/#breadcrumb"},"inLanguage":"de","potentialAction":[{"@type":"ReadAction","target":["https:\/\/www.juergengawron.de\/"]}]},{"@type":"BreadcrumbList","@id":"https:\/\/www.juergengawron.de\/#breadcrumb","itemListElement":[{"@type":"ListItem","position":1,"name":"Home","item":"https:\/\/www.juergengawron.de\/"},{"@type":"ListItem","position":2,"name":"Homepage Layout, Buchtitel, Illustration"}]},{"@type":"WebSite","@id":"https:\/\/www.juergengawron.de\/#website","url":"https:\/\/www.juergengawron.de\/","name":"JuergenGawron.de","description":"J\u00fcrgen Gawron aus M\u00fcnchen illustriert Layouts, Scribbles, Buchcover, Apps Visualisierungen und vieles mehr.","potentialAction":[{"@type":"SearchAction","target":{"@type":"EntryPoint","urlTemplate":"https:\/\/www.juergengawron.de\/?s={search_term_string}"},"query-input":{"@type":"PropertyValueSpecification","valueRequired":true,"valueName":"search_term_string"}}],"inLanguage":"de"}]}},"_links":{"self":[{"href":"https:\/\/www.juergengawron.de\/index.php?rest_route=\/wp\/v2\/pages\/83093"}],"collection":[{"href":"https:\/\/www.juergengawron.de\/index.php?rest_route=\/wp\/v2\/pages"}],"about":[{"href":"https:\/\/www.juergengawron.de\/index.php?rest_route=\/wp\/v2\/types\/page"}],"author":[{"embeddable":true,"href":"https:\/\/www.juergengawron.de\/index.php?rest_route=\/wp\/v2\/users\/1"}],"replies":[{"embeddable":true,"href":"https:\/\/www.juergengawron.de\/index.php?rest_route=%2Fwp%2Fv2%2Fcomments&post=83093"}],"version-history":[{"count":11,"href":"https:\/\/www.juergengawron.de\/index.php?rest_route=\/wp\/v2\/pages\/83093\/revisions"}],"predecessor-version":[{"id":83424,"href":"https:\/\/www.juergengawron.de\/index.php?rest_route=\/wp\/v2\/pages\/83093\/revisions\/83424"}],"wp:attachment":[{"href":"https:\/\/www.juergengawron.de\/index.php?rest_route=%2Fwp%2Fv2%2Fmedia&parent=83093"}],"curies":[{"name":"wp","href":"https:\/\/api.w.org\/{rel}","templated":true}]}}